{"id":1029,"date":"2023-09-21T09:00:41","date_gmt":"2023-09-21T12:00:41","guid":{"rendered":"http:\/\/td_uid_1_650c3069e1268"},"modified":"2023-09-21T09:00:41","modified_gmt":"2023-09-21T12:00:41","slug":"contact","status":"publish","type":"page","link":"https:\/\/diarioparanaense.com\/?page_id=1029","title":{"rendered":"Contact"},"content":{"rendered":"<p>[vc_row][vc_column width=&#8221;2\/3&#8243;][vc_column_text]You are a part of the Rebel Alliance and a traitor so what do you think of her Han. But with the blast shield down even see! How am I supposed to fight need your help Luke. She needs your help getting too old for this sort of thing.<\/p>\n<p>Act so surprised your highness. You mercy mission this time several transmissions were beamed to this ship by Rebel spies.<\/p>\n<ul>\n<li>You mean it controls your actions?<\/li>\n<li>But with the blast shield down can even see! How am I supposed to fight?<\/li>\n<li>I get involved got work to do not that I like the Empire<\/li>\n<li>But nothing can do about it right now such a long way from here.<\/li>\n<\/ul>\n<p>[\/vc_column_text][vc_row_inner][vc_column_inner width=&#8221;1\/2&#8243;]<div class=\"td_block_wrap td_block_text_with_title td_uid_1_69f5dcfd24c7d_rand td-pb-border-top td_block_template_1\"  data-td-block-uid=\"td_uid_1_69f5dcfd24c7d\" ><div class=\"td-block-title-wrap\"><h4 class=\"block-title td-block-title\"><span class=\"td-pulldown-size\">Contact Details<\/span><\/h4><\/div><div class=\"td_mod_wrap td-fix-index\"><p><strong>Newspaper Comunication Service<\/strong><br \/>\n123 California St. Doargo<\/p>\n<p>(650) 123-2558 (main number)<br \/>\n(650) 123-0247 (fax)<\/p>\n<p>Email: <strong><a href=\"mailto:contact@yoursite.com\" target=\"_blank\" rel=\"noopener\">contact@yoursite.com<\/a><\/strong><\/p>\n<\/div><\/div>[\/vc_column_inner][vc_column_inner width=&#8221;1\/2&#8243;]<div class=\"td_block_wrap td_block_text_with_title td_uid_2_69f5dcfd24fd7_rand td-pb-border-top td_block_template_1\"  data-td-block-uid=\"td_uid_2_69f5dcfd24fd7\" ><div class=\"td-block-title-wrap\"><h4 class=\"block-title td-block-title\"><span class=\"td-pulldown-size\">About us<\/span><\/h4><\/div><div class=\"td_mod_wrap td-fix-index\"><p><strong>Newspaper<\/strong> is your news entertainment music fashion website. We provide you with the latest breaking news<br \/>\nand videos straight from entertainment industry world.<\/p>\n<\/div><\/div>[\/vc_column_inner][\/vc_row_inner][vc_row_inner][vc_column_inner width=&#8221;1\/1&#8243;][vc_raw_html]JTNDaDQlMjBjbGFzcyUzRCUyMmJsb2NrLXRpdGxlJTIyJTNFJTNDc3BhbiUzRVNlbmQlMjB1cyUyMGElMjBtZXNzYWdlJTIxJTNDJTJGc3BhbiUzRSUzQyUyRmg0JTNF[\/vc_raw_html][\/vc_column_inner][\/vc_row_inner][vc_row_inner][vc_column_inner el_class=&#8221;&#8221; width=&#8221;1\/1&#8243;][vc_column_text]Install Contact Form 7 Plugin and replace this text block with your contact form[\/vc_column_text][\/vc_column_inner][\/vc_row_inner][\/vc_column][vc_column width=&#8221;1\/3&#8243;]<div class=\"td_block_wrap td_block_2 td_uid_3_69f5dcfd2519f_rand td-pb-border-top td_block_template_1 td-column-1 td_block_padding\"  data-td-block-uid=\"td_uid_3_69f5dcfd2519f\" ><script>var block_td_uid_3_69f5dcfd2519f = new tdBlock();\nblock_td_uid_3_69f5dcfd2519f.id = \"td_uid_3_69f5dcfd2519f\";\nblock_td_uid_3_69f5dcfd2519f.atts = '{\"limit\":\"3\",\"custom_title\":\"LATEST POSTS\",\"td_filter_default_txt\":\"All\",\"separator\":\"\",\"custom_url\":\"\",\"block_template_id\":\"\",\"m2_tl\":\"\",\"m2_el\":\"\",\"m6_tl\":\"\",\"post_ids\":\"\",\"category_id\":\"\",\"category_ids\":\"\",\"tag_slug\":\"\",\"autors_id\":\"\",\"installed_post_types\":\"\",\"sort\":\"\",\"offset\":\"\",\"el_class\":\"\",\"td_ajax_filter_type\":\"\",\"td_ajax_filter_ids\":\"\",\"td_ajax_preloading\":\"\",\"f_header_font_header\":\"\",\"f_header_font_title\":\"Block header\",\"f_header_font_settings\":\"\",\"f_header_font_family\":\"\",\"f_header_font_size\":\"\",\"f_header_font_line_height\":\"\",\"f_header_font_style\":\"\",\"f_header_font_weight\":\"\",\"f_header_font_transform\":\"\",\"f_header_font_spacing\":\"\",\"f_header_\":\"\",\"f_ajax_font_title\":\"Ajax categories\",\"f_ajax_font_settings\":\"\",\"f_ajax_font_family\":\"\",\"f_ajax_font_size\":\"\",\"f_ajax_font_line_height\":\"\",\"f_ajax_font_style\":\"\",\"f_ajax_font_weight\":\"\",\"f_ajax_font_transform\":\"\",\"f_ajax_font_spacing\":\"\",\"f_ajax_\":\"\",\"f_more_font_title\":\"Load more button\",\"f_more_font_settings\":\"\",\"f_more_font_family\":\"\",\"f_more_font_size\":\"\",\"f_more_font_line_height\":\"\",\"f_more_font_style\":\"\",\"f_more_font_weight\":\"\",\"f_more_font_transform\":\"\",\"f_more_font_spacing\":\"\",\"f_more_\":\"\",\"m2f_title_font_header\":\"\",\"m2f_title_font_title\":\"Article title\",\"m2f_title_font_settings\":\"\",\"m2f_title_font_family\":\"\",\"m2f_title_font_size\":\"\",\"m2f_title_font_line_height\":\"\",\"m2f_title_font_style\":\"\",\"m2f_title_font_weight\":\"\",\"m2f_title_font_transform\":\"\",\"m2f_title_font_spacing\":\"\",\"m2f_title_\":\"\",\"m2f_cat_font_title\":\"Article category tag\",\"m2f_cat_font_settings\":\"\",\"m2f_cat_font_family\":\"\",\"m2f_cat_font_size\":\"\",\"m2f_cat_font_line_height\":\"\",\"m2f_cat_font_style\":\"\",\"m2f_cat_font_weight\":\"\",\"m2f_cat_font_transform\":\"\",\"m2f_cat_font_spacing\":\"\",\"m2f_cat_\":\"\",\"m2f_meta_font_title\":\"Article meta info\",\"m2f_meta_font_settings\":\"\",\"m2f_meta_font_family\":\"\",\"m2f_meta_font_size\":\"\",\"m2f_meta_font_line_height\":\"\",\"m2f_meta_font_style\":\"\",\"m2f_meta_font_weight\":\"\",\"m2f_meta_font_transform\":\"\",\"m2f_meta_font_spacing\":\"\",\"m2f_meta_\":\"\",\"m2f_ex_font_title\":\"Article excerpt\",\"m2f_ex_font_settings\":\"\",\"m2f_ex_font_family\":\"\",\"m2f_ex_font_size\":\"\",\"m2f_ex_font_line_height\":\"\",\"m2f_ex_font_style\":\"\",\"m2f_ex_font_weight\":\"\",\"m2f_ex_font_transform\":\"\",\"m2f_ex_font_spacing\":\"\",\"m2f_ex_\":\"\",\"m6f_title_font_header\":\"\",\"m6f_title_font_title\":\"Article title\",\"m6f_title_font_settings\":\"\",\"m6f_title_font_family\":\"\",\"m6f_title_font_size\":\"\",\"m6f_title_font_line_height\":\"\",\"m6f_title_font_style\":\"\",\"m6f_title_font_weight\":\"\",\"m6f_title_font_transform\":\"\",\"m6f_title_font_spacing\":\"\",\"m6f_title_\":\"\",\"m6f_cat_font_title\":\"Article category tag\",\"m6f_cat_font_settings\":\"\",\"m6f_cat_font_family\":\"\",\"m6f_cat_font_size\":\"\",\"m6f_cat_font_line_height\":\"\",\"m6f_cat_font_style\":\"\",\"m6f_cat_font_weight\":\"\",\"m6f_cat_font_transform\":\"\",\"m6f_cat_font_spacing\":\"\",\"m6f_cat_\":\"\",\"m6f_meta_font_title\":\"Article meta info\",\"m6f_meta_font_settings\":\"\",\"m6f_meta_font_family\":\"\",\"m6f_meta_font_size\":\"\",\"m6f_meta_font_line_height\":\"\",\"m6f_meta_font_style\":\"\",\"m6f_meta_font_weight\":\"\",\"m6f_meta_font_transform\":\"\",\"m6f_meta_font_spacing\":\"\",\"m6f_meta_\":\"\",\"ajax_pagination\":\"\",\"ajax_pagination_infinite_stop\":\"\",\"css\":\"\",\"tdc_css\":\"\",\"td_column_number\":1,\"header_color\":\"\",\"color_preset\":\"\",\"border_top\":\"\",\"class\":\"td_uid_3_69f5dcfd2519f_rand\",\"tdc_css_class\":\"td_uid_3_69f5dcfd2519f_rand\",\"tdc_css_class_style\":\"td_uid_3_69f5dcfd2519f_rand_style\"}';\nblock_td_uid_3_69f5dcfd2519f.td_column_number = \"1\";\nblock_td_uid_3_69f5dcfd2519f.block_type = \"td_block_2\";\nblock_td_uid_3_69f5dcfd2519f.post_count = \"3\";\nblock_td_uid_3_69f5dcfd2519f.found_posts = \"1299\";\nblock_td_uid_3_69f5dcfd2519f.header_color = \"\";\nblock_td_uid_3_69f5dcfd2519f.ajax_pagination_infinite_stop = \"\";\nblock_td_uid_3_69f5dcfd2519f.max_num_pages = \"433\";\ntdBlocksArray.push(block_td_uid_3_69f5dcfd2519f);\n<\/script><div class=\"td-block-title-wrap\"><h4 class=\"block-title td-block-title\"><span class=\"td-pulldown-size\">LATEST POSTS<\/span><\/h4><\/div><div id=td_uid_3_69f5dcfd2519f class=\"td_block_inner\">\n\n\t<div class=\"td-block-span12\">\n\r\n        <div class=\"td_module_2 td_module_wrap td-animation-stack\">\r\n            <div class=\"td-module-image\">\r\n                <div class=\"td-module-thumb\"><a href=\"https:\/\/diarioparanaense.com\/?p=5594\" rel=\"bookmark\" class=\"td-image-wrap\" title=\"Autonomia e preven\u00e7\u00e3o: teste de DNA-HPV no SUS democratiza o combate ao c\u00e2ncer do colo do \u00fatero\"><img loading=\"lazy\" decoding=\"async\" width=\"324\" height=\"160\" class=\"entry-thumb\" src=\"https:\/\/diarioparanaense.com\/wp-content\/uploads\/2026\/04\/1504262-324x160.jpg\" srcset=\"https:\/\/diarioparanaense.com\/wp-content\/uploads\/2026\/04\/1504262-324x160.jpg 324w, https:\/\/diarioparanaense.com\/wp-content\/uploads\/2026\/04\/1504262-533x261.jpg 533w\" sizes=\"auto, (max-width: 324px) 100vw, 324px\" alt=\"\" title=\"Autonomia e preven\u00e7\u00e3o: teste de DNA-HPV no SUS democratiza o combate ao c\u00e2ncer do colo do \u00fatero\"\/><\/a><\/div>                <a href=\"https:\/\/diarioparanaense.com\/?cat=29\" class=\"td-post-category\">Artigos<\/a>            <\/div>\r\n            <h3 class=\"entry-title td-module-title\"><a href=\"https:\/\/diarioparanaense.com\/?p=5594\" rel=\"bookmark\" title=\"Autonomia e preven\u00e7\u00e3o: teste de DNA-HPV no SUS democratiza o combate ao c\u00e2ncer do colo do \u00fatero\">Autonomia e preven\u00e7\u00e3o: teste de DNA-HPV no SUS democratiza o combate...<\/a><\/h3>\r\n\r\n            <div class=\"td-module-meta-info\">\r\n                <span class=\"td-post-author-name\"><a href=\"https:\/\/diarioparanaense.com\/?author=1\">Reda\u00e7\u00e3o<\/a> <span>-<\/span> <\/span>                <span class=\"td-post-date\"><time class=\"entry-date updated td-module-date\" datetime=\"2026-04-15T11:04:35+00:00\" >15 de April de 2026<\/time><\/span>                <div class=\"td-module-comments\"><a href=\"https:\/\/diarioparanaense.com\/?p=5594#respond\">0<\/a><\/div>            <\/div>\r\n\r\n\r\n            <div class=\"td-excerpt\">\r\n                \nAliado \u00e0 vacina\u00e7\u00e3o e \u00e0 quebra de barreiras por meio da autocoleta, nova tecnologia permite detectar o risco biol\u00f3gico do c\u00e2ncer...            <\/div>\r\n\r\n            \r\n        <\/div>\r\n\r\n        \n\t<\/div> <!-- .\/td-block-span12 -->\n\n\t<div class=\"td-block-span12\">\n\r\n        <div class=\"td_module_6 td_module_wrap td-animation-stack\">\r\n\r\n        <div class=\"td-module-thumb\"><a href=\"https:\/\/diarioparanaense.com\/?p=5591\" rel=\"bookmark\" class=\"td-image-wrap\" title=\"MiniPre\u00e7o celebra anivers\u00e1rio com entrada estrat\u00e9gica no mercado financeiro\"><img loading=\"lazy\" decoding=\"async\" width=\"100\" height=\"70\" class=\"entry-thumb\" src=\"https:\/\/diarioparanaense.com\/wp-content\/uploads\/2026\/04\/1504261-100x70.jpg\" srcset=\"https:\/\/diarioparanaense.com\/wp-content\/uploads\/2026\/04\/1504261-100x70.jpg 100w, https:\/\/diarioparanaense.com\/wp-content\/uploads\/2026\/04\/1504261-218x150.jpg 218w\" sizes=\"auto, (max-width: 100px) 100vw, 100px\" alt=\"\" title=\"MiniPre\u00e7o celebra anivers\u00e1rio com entrada estrat\u00e9gica no mercado financeiro\"\/><\/a><\/div>\r\n        <div class=\"item-details\">\r\n            <h3 class=\"entry-title td-module-title\"><a href=\"https:\/\/diarioparanaense.com\/?p=5591\" rel=\"bookmark\" title=\"MiniPre\u00e7o celebra anivers\u00e1rio com entrada estrat\u00e9gica no mercado financeiro\">MiniPre\u00e7o celebra anivers\u00e1rio com entrada estrat\u00e9gica no mercado financeiro<\/a><\/h3>            <div class=\"td-module-meta-info\">\r\n                                                <span class=\"td-post-date\"><time class=\"entry-date updated td-module-date\" datetime=\"2026-04-15T11:01:18+00:00\" >15 de April de 2026<\/time><\/span>                            <\/div>\r\n        <\/div>\r\n\r\n        <\/div>\r\n\r\n        \n\t<\/div> <!-- .\/td-block-span12 -->\n\n\t<div class=\"td-block-span12\">\n\r\n        <div class=\"td_module_6 td_module_wrap td-animation-stack\">\r\n\r\n        <div class=\"td-module-thumb\"><a href=\"https:\/\/diarioparanaense.com\/?p=5587\" rel=\"bookmark\" class=\"td-image-wrap\" title=\"Curitiba sedia torneio in\u00e9dito que une esgrima ol\u00edmpica e paral\u00edmpica\"><img loading=\"lazy\" decoding=\"async\" width=\"100\" height=\"70\" class=\"entry-thumb\" src=\"https:\/\/diarioparanaense.com\/wp-content\/uploads\/2026\/04\/0604261-100x70.jpg\" srcset=\"https:\/\/diarioparanaense.com\/wp-content\/uploads\/2026\/04\/0604261-100x70.jpg 100w, https:\/\/diarioparanaense.com\/wp-content\/uploads\/2026\/04\/0604261-218x150.jpg 218w\" sizes=\"auto, (max-width: 100px) 100vw, 100px\" alt=\"\" title=\"Curitiba sedia torneio in\u00e9dito que une esgrima ol\u00edmpica e paral\u00edmpica\"\/><\/a><\/div>\r\n        <div class=\"item-details\">\r\n            <h3 class=\"entry-title td-module-title\"><a href=\"https:\/\/diarioparanaense.com\/?p=5587\" rel=\"bookmark\" title=\"Curitiba sedia torneio in\u00e9dito que une esgrima ol\u00edmpica e paral\u00edmpica\">Curitiba sedia torneio in\u00e9dito que une esgrima ol\u00edmpica e paral\u00edmpica<\/a><\/h3>            <div class=\"td-module-meta-info\">\r\n                                                <span class=\"td-post-date\"><time class=\"entry-date updated td-module-date\" datetime=\"2026-04-06T13:10:51+00:00\" >6 de April de 2026<\/time><\/span>                            <\/div>\r\n        <\/div>\r\n\r\n        <\/div>\r\n\r\n        \n\t<\/div> <!-- .\/td-block-span12 --><\/div><\/div> <!-- .\/block --><div class=\"td-a-rec td-a-rec-id-sidebar  td_uid_4_69f5dcfd2c515_rand td_block_template_1\"><span class=\"td-adspot-title\">- Advertisement -<\/span><div class=\"td-all-devices\"><a href=\"#\" target=\"_blank\"><img decoding=\"async\" src=\"http:\/\/diarioparanaense.com\/wp-content\/uploads\/2023\/09\/newspaper-rec300.jpg\"\/><\/a><\/div><\/div>[\/vc_column][\/vc_row]<\/p>\n","protected":false},"excerpt":{"rendered":"<p>[vc_row][vc_column width=&#8221;2\/3&#8243;][vc_column_text]You are a part of the Rebel Alliance and a traitor so what do you think of her Han. But with the blast shield down even see! How am I supposed to fight need your help Luke. She needs your help getting too old for this sort of thing. Act so surprised your highness. [&hellip;]<\/p>\n","protected":false},"author":1,"featured_media":0,"parent":0,"menu_order":0,"comment_status":"open","ping_status":"closed","template":"page-pagebuilder-title.php","meta":{"footnotes":""},"class_list":["post-1029","page","type-page","status-publish","hentry"],"_links":{"self":[{"href":"https:\/\/diarioparanaense.com\/index.php?rest_route=\/wp\/v2\/pages\/1029","targetHints":{"allow":["GET"]}}],"collection":[{"href":"https:\/\/diarioparanaense.com\/index.php?rest_route=\/wp\/v2\/pages"}],"about":[{"href":"https:\/\/diarioparanaense.com\/index.php?rest_route=\/wp\/v2\/types\/page"}],"author":[{"embeddable":true,"href":"https:\/\/diarioparanaense.com\/index.php?rest_route=\/wp\/v2\/users\/1"}],"replies":[{"embeddable":true,"href":"https:\/\/diarioparanaense.com\/index.php?rest_route=%2Fwp%2Fv2%2Fcomments&post=1029"}],"version-history":[{"count":0,"href":"https:\/\/diarioparanaense.com\/index.php?rest_route=\/wp\/v2\/pages\/1029\/revisions"}],"wp:attachment":[{"href":"https:\/\/diarioparanaense.com\/index.php?rest_route=%2Fwp%2Fv2%2Fmedia&parent=1029"}],"curies":[{"name":"wp","href":"https:\/\/api.w.org\/{rel}","templated":true}]}}